{"id":113,"date":"2025-03-08T14:48:39","date_gmt":"2025-03-08T14:48:39","guid":{"rendered":"https:\/\/www.hiskanen.fi\/WIP\/?page_id=113"},"modified":"2025-06-30T08:29:24","modified_gmt":"2025-06-30T08:29:24","slug":"palvelut","status":"publish","type":"page","link":"https:\/\/www.hiskanen.fi\/WIP\/?page_id=113","title":{"rendered":"palvelut"},"content":{"rendered":"\t\t<div data-elementor-type=\"wp-page\" data-elementor-id=\"113\" class=\"elementor elementor-113\" data-elementor-post-type=\"page\">\n\t\t\t\t<div class=\"elementor-element elementor-element-a7a4969 e-flex e-con-boxed e-con e-parent\" data-id=\"a7a4969\" data-element_type=\"container\" data-e-type=\"container\" data-settings=\"{&quot;background_background&quot;:&quot;classic&quot;}\">\n\t\t\t\t\t<div class=\"e-con-inner\">\n\t\t<div class=\"elementor-element elementor-element-5973d22 e-con-full e-flex e-con e-child\" data-id=\"5973d22\" data-element_type=\"container\" data-e-type=\"container\">\n\t\t\t\t<div class=\"elementor-element elementor-element-a1284fd elementor-widget elementor-widget-image\" data-id=\"a1284fd\" data-element_type=\"widget\" data-e-type=\"widget\" data-widget_type=\"image.default\">\n\t\t\t\t<div class=\"elementor-widget-container\">\n\t\t\t\t\t\t\t\t\t\t\t\t\t\t\t<img fetchpriority=\"high\" decoding=\"async\" width=\"508\" height=\"586\" src=\"https:\/\/www.hiskanen.fi\/WIP\/wp-content\/uploads\/2025\/03\/ok-1.png\" class=\"attachment-large size-large wp-image-116\" alt=\"\" srcset=\"https:\/\/www.hiskanen.fi\/WIP\/wp-content\/uploads\/2025\/03\/ok-1.png 508w, https:\/\/www.hiskanen.fi\/WIP\/wp-content\/uploads\/2025\/03\/ok-1-260x300.png 260w\" sizes=\"(max-width: 508px) 100vw, 508px\" \/>\t\t\t\t\t\t\t\t\t\t\t\t\t\t\t<\/div>\n\t\t\t\t<\/div>\n\t\t\t\t<div class=\"elementor-element elementor-element-7ca426e elementor-widget elementor-widget-heading\" data-id=\"7ca426e\" data-element_type=\"widget\" data-e-type=\"widget\" data-widget_type=\"heading.default\">\n\t\t\t\t<div class=\"elementor-widget-container\">\n\t\t\t\t\t<h2 class=\"elementor-heading-title elementor-size-default\">Palvelut<\/h2>\t\t\t\t<\/div>\n\t\t\t\t<\/div>\n\t\t\t\t<\/div>\n\t\t\t\t\t<\/div>\n\t\t\t\t<\/div>\n\t\t<div class=\"elementor-element elementor-element-220277f e-con-full e-flex e-con e-parent\" data-id=\"220277f\" data-element_type=\"container\" data-e-type=\"container\" id=\"kilpailutus\" data-settings=\"{&quot;background_background&quot;:&quot;classic&quot;}\">\n\t\t<div class=\"elementor-element elementor-element-046ea4d e-con-full e-flex e-con e-child\" data-id=\"046ea4d\" data-element_type=\"container\" data-e-type=\"container\" data-settings=\"{&quot;background_background&quot;:&quot;classic&quot;}\">\n\t\t\t\t<div class=\"elementor-element elementor-element-677d1fc elementor-invisible elementor-widget elementor-widget-heading\" data-id=\"677d1fc\" data-element_type=\"widget\" data-e-type=\"widget\" data-settings=\"{&quot;_animation&quot;:&quot;fadeInUp&quot;}\" data-widget_type=\"heading.default\">\n\t\t\t\t<div class=\"elementor-widget-container\">\n\t\t\t\t\t<h2 class=\"elementor-heading-title elementor-size-default\">Kilpailuta vakuutukset fiksusti \u2013 ilman turhaa vaivaa.<\/h2>\t\t\t\t<\/div>\n\t\t\t\t<\/div>\n\t\t\t\t<div class=\"elementor-element elementor-element-19233e2 elementor-widget__width-initial elementor-widget elementor-widget-text-editor\" data-id=\"19233e2\" data-element_type=\"widget\" data-e-type=\"widget\" data-widget_type=\"text-editor.default\">\n\t\t\t\t<div class=\"elementor-widget-container\">\n\t\t\t\t\t\t\t\t\t<p>Veklarin avulla varmistat, ett\u00e4 vakuutusturvasi on sek\u00e4 kattava ett\u00e4 kustannustehokas. Me r\u00e4\u00e4t\u00e4l\u00f6imme kilpailutuksen yrityksesi todellisten tarpeiden mukaan ja haemme sinulle parhaat tarjoukset vakuutusyhti\u00f6ilt\u00e4.<\/p>\t\t\t\t\t\t\t\t<\/div>\n\t\t\t\t<\/div>\n\t\t<div class=\"elementor-element elementor-element-24f63f3 e-con-full e-flex e-con e-child\" data-id=\"24f63f3\" data-element_type=\"container\" data-e-type=\"container\" data-settings=\"{&quot;background_background&quot;:&quot;gradient&quot;}\">\n\t\t\t\t<div class=\"elementor-element elementor-element-ced668c elementor-widget elementor-widget-heading\" data-id=\"ced668c\" data-element_type=\"widget\" data-e-type=\"widget\" data-widget_type=\"heading.default\">\n\t\t\t\t<div class=\"elementor-widget-container\">\n\t\t\t\t\t<h2 class=\"elementor-heading-title elementor-size-default\">Miksi kilpailuttaa vakuutukset?\n<\/h2>\t\t\t\t<\/div>\n\t\t\t\t<\/div>\n\t\t\t\t<div class=\"elementor-element elementor-element-a7d389d elementor-widget__width-initial elementor-widget elementor-widget-text-editor\" data-id=\"a7d389d\" data-element_type=\"widget\" data-e-type=\"widget\" data-widget_type=\"text-editor.default\">\n\t\t\t\t<div class=\"elementor-widget-container\">\n\t\t\t\t\t\t\t\t\t<p>Kilpailuttamalla vakuutukset voit varmistaa, ett\u00e4 yrityksesi saa parhaan mahdollisen suojan parhaaseen hintaan.<\/p>\t\t\t\t\t\t\t\t<\/div>\n\t\t\t\t<\/div>\n\t\t<div class=\"elementor-element elementor-element-476c9c5 e-con-full e-flex e-con e-child\" data-id=\"476c9c5\" data-element_type=\"container\" data-e-type=\"container\">\n\t\t\t\t<div class=\"elementor-element elementor-element-5fbfc25 elementor-widget elementor-widget-heading\" data-id=\"5fbfc25\" data-element_type=\"widget\" data-e-type=\"widget\" data-widget_type=\"heading.default\">\n\t\t\t\t<div class=\"elementor-widget-container\">\n\t\t\t\t\t<h2 class=\"elementor-heading-title elementor-size-default\">Kilpailutusprosessimme:<\/h2>\t\t\t\t<\/div>\n\t\t\t\t<\/div>\n\t\t\t\t<div class=\"elementor-element elementor-element-6c5523b elementor-widget__width-initial elementor-widget elementor-widget-text-editor\" data-id=\"6c5523b\" data-element_type=\"widget\" data-e-type=\"widget\" data-widget_type=\"text-editor.default\">\n\t\t\t\t<div class=\"elementor-widget-container\">\n\t\t\t\t\t\t\t\t\t<ol><li>Riskien kartoitus ja tarpeiden arviointi: Prosessi alkaa liiketoimintasi riskien ja nykyisen vakuutusturvan arvioinnilla. Tavoitteena on ymm\u00e4rt\u00e4\u00e4 yrityksesi erityistarpeet ja tavoitteet.<\/li><li>Nykyisen vakuutusturvan selvitt\u00e4minen ja voimassa olevien vakuutustietojen tilaaminen: Saamme suoraan vakuutusyhti\u00f6lt\u00e4 kaikki tarvittavat asiakirjat, jotta sinun ei tarvitse toimittaa meille mit\u00e4\u00e4n vakuutusluetteloita tai vakuutuskirjoja.<\/li><li>Tarjousten pyyt\u00e4minen: Pyyd\u00e4mme r\u00e4\u00e4t\u00e4l\u00f6idyt vakuutustarjoukset vakuutusyhti\u00f6ilt\u00e4, jotka sopivat yrityksesi tarpeisiin.<\/li><li>Tarjousten analysointi ja suositukset: Analysoimme saadut tarjoukset perusteellisesti ja laadimme selke\u00e4n vertailun. K\u00e4ymme tarkasti tarjouksien turvat ja ehdot l\u00e4pi, jotta ne varmasti vastaavat sit\u00e4 mit\u00e4 pit\u00e4\u00e4. Meklarimme esitt\u00e4v\u00e4t sinulle suosituksen, joka parhaiten vastaa tarpeitasi ja on hintalaatusuhteeltaan paras vaihtoehto.<\/li><li>P\u00e4\u00e4t\u00f6ksenteko ja vakuutusten voimaan saattaminen: Lopullinen p\u00e4\u00e4t\u00f6s on aina sinun. Kun olet valinnut sopivimman vakuutusturvan, me huolehdimme sopimusten solmimisesta ja vakuutusten voimaan saattamisesta.<\/li><\/ol>\t\t\t\t\t\t\t\t<\/div>\n\t\t\t\t<\/div>\n\t\t\t\t<\/div>\n\t\t\t\t<\/div>\n\t\t\t\t<\/div>\n\t\t<div class=\"elementor-element elementor-element-aa395b6 e-con-full e-flex e-con e-child\" data-id=\"aa395b6\" data-element_type=\"container\" data-e-type=\"container\">\n\t\t\t\t<div class=\"elementor-element elementor-element-32298b5 elementor-widget elementor-widget-heading\" data-id=\"32298b5\" data-element_type=\"widget\" data-e-type=\"widget\" data-widget_type=\"heading.default\">\n\t\t\t\t<div class=\"elementor-widget-container\">\n\t\t\t\t\t<h2 class=\"elementor-heading-title elementor-size-default\">Miksi valita Veklari?<\/h2>\t\t\t\t<\/div>\n\t\t\t\t<\/div>\n\t\t\t\t<div class=\"elementor-element elementor-element-38bcb65 elementor-widget__width-initial elementor-widget elementor-widget-text-editor\" data-id=\"38bcb65\" data-element_type=\"widget\" data-e-type=\"widget\" data-widget_type=\"text-editor.default\">\n\t\t\t\t<div class=\"elementor-widget-container\">\n\t\t\t\t\t\t\t\t\t<p>Veklari on sitoutunut tarjoamaan asiakkailleen parasta mahdollista palvelua ja asiantuntemusta. Meid\u00e4n avullamme voit keskitty\u00e4 liiketoimintasi ytimeen, kun me varmistamme, ett\u00e4 vakuutusturvasi on kunnossa. Ota yhteytt\u00e4 ja anna meid\u00e4n auttaa sinua l\u00f6yt\u00e4m\u00e4\u00e4n tehokkain ja edullisin vakuutusratkaisu.<\/p>\t\t\t\t\t\t\t\t<\/div>\n\t\t\t\t<\/div>\n\t\t\t\t<div class=\"elementor-element elementor-element-d56be19 elementor-widget elementor-widget-button\" data-id=\"d56be19\" data-element_type=\"widget\" data-e-type=\"widget\" data-widget_type=\"button.default\">\n\t\t\t\t<div class=\"elementor-widget-container\">\n\t\t\t\t\t\t\t\t\t<div class=\"elementor-button-wrapper\">\n\t\t\t\t\t<a class=\"elementor-button elementor-button-link elementor-size-sm elementor-animation-float\" href=\"https:\/\/www.hiskanen.fi\/WIP\/?page_id=161\">\n\t\t\t\t\t\t<span class=\"elementor-button-content-wrapper\">\n\t\t\t\t\t\t\t\t\t<span class=\"elementor-button-text\">OTA YHTEYTT\u00c4 JA KYSY LIS\u00c4\u00c4<\/span>\n\t\t\t\t\t<\/span>\n\t\t\t\t\t<\/a>\n\t\t\t\t<\/div>\n\t\t\t\t\t\t\t\t<\/div>\n\t\t\t\t<\/div>\n\t\t\t\t<\/div>\n\t\t\t\t<\/div>\n\t\t<div class=\"elementor-element elementor-element-43ce509 e-con-full e-flex e-con e-parent\" data-id=\"43ce509\" data-element_type=\"container\" data-e-type=\"container\" id=\"hoito\" data-settings=\"{&quot;background_background&quot;:&quot;classic&quot;}\">\n\t\t<div class=\"elementor-element elementor-element-741ee71 e-con-full e-flex e-con e-child\" data-id=\"741ee71\" data-element_type=\"container\" data-e-type=\"container\" data-settings=\"{&quot;background_background&quot;:&quot;classic&quot;}\">\n\t\t\t\t<div class=\"elementor-element elementor-element-950e08b elementor-invisible elementor-widget elementor-widget-heading\" data-id=\"950e08b\" data-element_type=\"widget\" data-e-type=\"widget\" data-settings=\"{&quot;_animation&quot;:&quot;fadeInUp&quot;}\" data-widget_type=\"heading.default\">\n\t\t\t\t<div class=\"elementor-widget-container\">\n\t\t\t\t\t<h2 class=\"elementor-heading-title elementor-size-default\">Vakuutusten hoito \u2013 Huolettomuutta ja asiantuntevaa\nkumppanuutta<\/h2>\t\t\t\t<\/div>\n\t\t\t\t<\/div>\n\t\t\t\t<div class=\"elementor-element elementor-element-021cddc elementor-widget__width-initial elementor-widget elementor-widget-text-editor\" data-id=\"021cddc\" data-element_type=\"widget\" data-e-type=\"widget\" data-widget_type=\"text-editor.default\">\n\t\t\t\t<div class=\"elementor-widget-container\">\n\t\t\t\t\t\t\t\t\t<p>Vakuutusten hoito Veklarin kautta sopii yritykselle, joka haluaa ulkoistaa vakuutusasioiden hallinnan luotettavalle, puolueettomalle ja vakuutusyhti\u00f6ist\u00e4 riippumattomalle asiantuntijalle. Me huolehdimme vakuutuksistasi kokonaisvaltaisesti, jotta sin\u00e4 voit keskitty\u00e4 olennaiseen \u2013 yrityksesi liiketoimintaan.<\/p>\t\t\t\t\t\t\t\t<\/div>\n\t\t\t\t<\/div>\n\t\t<div class=\"elementor-element elementor-element-56f2658 e-con-full e-flex e-con e-child\" data-id=\"56f2658\" data-element_type=\"container\" data-e-type=\"container\" data-settings=\"{&quot;background_background&quot;:&quot;gradient&quot;}\">\n\t\t\t\t<div class=\"elementor-element elementor-element-268ceee elementor-widget elementor-widget-heading\" data-id=\"268ceee\" data-element_type=\"widget\" data-e-type=\"widget\" data-widget_type=\"heading.default\">\n\t\t\t\t<div class=\"elementor-widget-container\">\n\t\t\t\t\t<h2 class=\"elementor-heading-title elementor-size-default\">Mit\u00e4 saat, kun ulkoistat vakuutusten hoidon meille?<\/h2>\t\t\t\t<\/div>\n\t\t\t\t<\/div>\n\t\t\t\t<div class=\"elementor-element elementor-element-ac25e2b elementor-widget__width-initial elementor-widget elementor-widget-text-editor\" data-id=\"ac25e2b\" data-element_type=\"widget\" data-e-type=\"widget\" data-widget_type=\"text-editor.default\">\n\t\t\t\t<div class=\"elementor-widget-container\">\n\t\t\t\t\t\t\t\t\t<ul><li><em><strong>S\u00e4\u00e4st\u00e4t aikaa ja vaivaa<br \/><\/strong><\/em>Sinun ei tarvitse perehty\u00e4 monimutkaisiin vakuutusehtoihin tai sopimuksiin \u2013 me hoidamme sen puolestasi.<\/li><li><em><strong>Tuki vahinkotilanteissa<br \/><\/strong><\/em>Saat asiantuntevaa apua vahinkoilmoitusten tekemisess\u00e4, korvausprosessin seurannassa ja varmistamme, ett\u00e4 korvaukset maksetaan ehtojen mukaisesti.<\/li><li><em><strong>Aktiivinen vakuutusturvan yll\u00e4pito<\/strong><\/em><br \/>P\u00e4ivit\u00e4mme vakuutuksesi tarpeen mukaan ja varmistamme, ett\u00e4 turva pysyy ajan tasalla yrityksesi muuttuvassa toimintaymp\u00e4rist\u00f6ss\u00e4.<\/li><li><em><strong>Koko vakuutusasiointi yhdest\u00e4 paikasta<\/strong><\/em><br \/>Yksi nimetty yhteyshenkil\u00f6 hoitaa kaikki vakuutusasiasi \u2013 oli kyse sitten vahingosta, uuden vakuutuksen hankinnasta tai sopimusmuutoksista.<\/li><li><em><strong>Riippumattomuus tuo edun sinulle<br \/><\/strong><\/em>Emme ole sidoksissa yhteenk\u00e4\u00e4n vakuutusyhti\u00f6\u00f6n \u2013 ty\u00f6skentelemme t\u00e4ysin sinun eduksesi, vertailemme yhti\u00f6t puolestasi ja autamme valitsemaan aidosti parhaan vaihtoehdon.<\/li><\/ul>\t\t\t\t\t\t\t\t<\/div>\n\t\t\t\t<\/div>\n\t\t<div class=\"elementor-element elementor-element-9c1a660 e-con-full e-flex e-con e-child\" data-id=\"9c1a660\" data-element_type=\"container\" data-e-type=\"container\">\n\t\t\t\t<div class=\"elementor-element elementor-element-3de0ab1 elementor-widget elementor-widget-heading\" data-id=\"3de0ab1\" data-element_type=\"widget\" data-e-type=\"widget\" data-widget_type=\"heading.default\">\n\t\t\t\t<div class=\"elementor-widget-container\">\n\t\t\t\t\t<h2 class=\"elementor-heading-title elementor-size-default\">Palveluun sis\u00e4ltyy:\n<\/h2>\t\t\t\t<\/div>\n\t\t\t\t<\/div>\n\t\t\t\t<div class=\"elementor-element elementor-element-f413ef1 elementor-widget__width-initial elementor-widget elementor-widget-text-editor\" data-id=\"f413ef1\" data-element_type=\"widget\" data-e-type=\"widget\" data-widget_type=\"text-editor.default\">\n\t\t\t\t<div class=\"elementor-widget-container\">\n\t\t\t\t\t\t\t\t\t<ul><li>Vakuutusturvan jatkuva yll\u00e4pito ja muutokset<\/li><li>Neuvonta ja tuki vahinkotilanteissa<\/li><li>Vahinkoilmoitusten avustaminen ja korvausten varmistus<\/li><li>Vakuutussopimusten solmiminen, muuttaminen, uudistaminen ja irtisanominen<\/li><li>Laskujen ja vakuutusasiakirjojen vastaanotto, tarkistus ja raportointi asiakkaalle<\/li><li>Vakuutuspalavereiden j\u00e4rjest\u00e4minen sovitusti<\/li><li>Mahdollisuus hy\u00f6dynt\u00e4\u00e4 vakuutusyhti\u00f6iden meklarialennuksia (n. 1\u201315 % yhti\u00f6st\u00e4 ja vakuutuslajista riippuen)<\/li><\/ul>\t\t\t\t\t\t\t\t<\/div>\n\t\t\t\t<\/div>\n\t\t\t\t<\/div>\n\t\t\t\t<\/div>\n\t\t<div class=\"elementor-element elementor-element-68f6ec1 e-con-full e-flex e-con e-child\" data-id=\"68f6ec1\" data-element_type=\"container\" data-e-type=\"container\">\n\t\t\t\t<div class=\"elementor-element elementor-element-28cf6a8 elementor-widget__width-initial elementor-widget elementor-widget-text-editor\" data-id=\"28cf6a8\" data-element_type=\"widget\" data-e-type=\"widget\" data-widget_type=\"text-editor.default\">\n\t\t\t\t<div class=\"elementor-widget-container\">\n\t\t\t\t\t\t\t\t\t<p>Veklari on luotettava kumppani, joka tarjoaa henkil\u00f6kohtaista palvelua ja syv\u00e4llist\u00e4 asiantuntemusta. Meklarimme ovat sitoutuneet varmistamaan, ett\u00e4 vakuutusturvasi on aina optimaalisella tasolla. Anna meid\u00e4n huolehtia vakuutuksistasi, jotta sin\u00e4 voit keskitty\u00e4 siihen, mit\u00e4 osaat parhaiten \u2013 liiketoimintasi menestykseen. Ota yhteytt\u00e4 ja aloitetaan yhteisty\u00f6, joka tuo mielenrauhaa ja turvaa yrityksellesi.<\/p>\t\t\t\t\t\t\t\t<\/div>\n\t\t\t\t<\/div>\n\t\t\t\t<div class=\"elementor-element elementor-element-fd87502 elementor-widget elementor-widget-button\" data-id=\"fd87502\" data-element_type=\"widget\" data-e-type=\"widget\" data-widget_type=\"button.default\">\n\t\t\t\t<div class=\"elementor-widget-container\">\n\t\t\t\t\t\t\t\t\t<div class=\"elementor-button-wrapper\">\n\t\t\t\t\t<a class=\"elementor-button elementor-button-link elementor-size-sm elementor-animation-float\" href=\"https:\/\/www.hiskanen.fi\/WIP\/?page_id=161\">\n\t\t\t\t\t\t<span class=\"elementor-button-content-wrapper\">\n\t\t\t\t\t\t\t\t\t<span class=\"elementor-button-text\">OTA YHTEYTT\u00c4 JA KYSY LIS\u00c4\u00c4<\/span>\n\t\t\t\t\t<\/span>\n\t\t\t\t\t<\/a>\n\t\t\t\t<\/div>\n\t\t\t\t\t\t\t\t<\/div>\n\t\t\t\t<\/div>\n\t\t\t\t<\/div>\n\t\t\t\t<\/div>\n\t\t\t\t<\/div>\n\t\t\t\t<\/div>\n\t\t","protected":false},"excerpt":{"rendered":"<p>Palvelut Kilpailuta vakuutukset fiksusti \u2013 ilman turhaa vaivaa. Veklarin avulla varmistat, ett\u00e4 vakuutusturvasi on sek\u00e4 kattava ett\u00e4 kustannustehokas. Me r\u00e4\u00e4t\u00e4l\u00f6imme kilpailutuksen yrityksesi todellisten tarpeiden mukaan ja haemme sinulle parhaat tarjoukset vakuutusyhti\u00f6ilt\u00e4. Miksi kilpailuttaa vakuutukset? Kilpailuttamalla vakuutukset voit varmistaa, ett\u00e4 yrityksesi saa parhaan mahdollisen suojan parhaaseen hintaan. Kilpailutusprosessimme: Riskien kartoitus ja tarpeiden arviointi: Prosessi alkaa liiketoimintasi [&hellip;]<\/p>\n","protected":false},"author":1,"featured_media":0,"parent":32,"menu_order":1,"comment_status":"closed","ping_status":"closed","template":"","meta":{"footnotes":""},"class_list":["post-113","page","type-page","status-publish","hentry"],"yoast_head":"<!-- This site is optimized with the Yoast SEO plugin v27.4 - https:\/\/yoast.com\/product\/yoast-seo-wordpress\/ -->\n<title>palvelut - Work In Progress<\/title>\n<meta name=\"robots\" content=\"noindex, follow, max-snippet:-1, max-image-preview:large, max-video-preview:-1\" \/>\n<meta property=\"og:locale\" content=\"en_US\" \/>\n<meta property=\"og:type\" content=\"article\" \/>\n<meta property=\"og:title\" content=\"palvelut - Work In Progress\" \/>\n<meta property=\"og:description\" content=\"Palvelut Kilpailuta vakuutukset fiksusti \u2013 ilman turhaa vaivaa. Veklarin avulla varmistat, ett\u00e4 vakuutusturvasi on sek\u00e4 kattava ett\u00e4 kustannustehokas. Me r\u00e4\u00e4t\u00e4l\u00f6imme kilpailutuksen yrityksesi todellisten tarpeiden mukaan ja haemme sinulle parhaat tarjoukset vakuutusyhti\u00f6ilt\u00e4. Miksi kilpailuttaa vakuutukset? Kilpailuttamalla vakuutukset voit varmistaa, ett\u00e4 yrityksesi saa parhaan mahdollisen suojan parhaaseen hintaan. Kilpailutusprosessimme: Riskien kartoitus ja tarpeiden arviointi: Prosessi alkaa liiketoimintasi [&hellip;]\" \/>\n<meta property=\"og:url\" content=\"https:\/\/www.hiskanen.fi\/WIP\/?page_id=113\" \/>\n<meta property=\"og:site_name\" content=\"Work In Progress\" \/>\n<meta property=\"article:modified_time\" content=\"2025-06-30T08:29:24+00:00\" \/>\n<meta property=\"og:image\" content=\"https:\/\/www.hiskanen.fi\/WIP\/wp-content\/uploads\/2025\/03\/ok-1.png\" \/>\n\t<meta property=\"og:image:width\" content=\"508\" \/>\n\t<meta property=\"og:image:height\" content=\"586\" \/>\n\t<meta property=\"og:image:type\" content=\"image\/png\" \/>\n<meta name=\"twitter:card\" content=\"summary_large_image\" \/>\n<meta name=\"twitter:label1\" content=\"Est. reading time\" \/>\n\t<meta name=\"twitter:data1\" content=\"3 minutes\" \/>\n<script type=\"application\/ld+json\" class=\"yoast-schema-graph\">{\"@context\":\"https:\\\/\\\/schema.org\",\"@graph\":[{\"@type\":\"WebPage\",\"@id\":\"https:\\\/\\\/www.hiskanen.fi\\\/WIP\\\/?page_id=113\",\"url\":\"https:\\\/\\\/www.hiskanen.fi\\\/WIP\\\/?page_id=113\",\"name\":\"palvelut - Work In Progress\",\"isPartOf\":{\"@id\":\"https:\\\/\\\/www.hiskanen.fi\\\/WIP\\\/#website\"},\"primaryImageOfPage\":{\"@id\":\"https:\\\/\\\/www.hiskanen.fi\\\/WIP\\\/?page_id=113#primaryimage\"},\"image\":{\"@id\":\"https:\\\/\\\/www.hiskanen.fi\\\/WIP\\\/?page_id=113#primaryimage\"},\"thumbnailUrl\":\"https:\\\/\\\/www.hiskanen.fi\\\/WIP\\\/wp-content\\\/uploads\\\/2025\\\/03\\\/ok-1.png\",\"datePublished\":\"2025-03-08T14:48:39+00:00\",\"dateModified\":\"2025-06-30T08:29:24+00:00\",\"breadcrumb\":{\"@id\":\"https:\\\/\\\/www.hiskanen.fi\\\/WIP\\\/?page_id=113#breadcrumb\"},\"inLanguage\":\"en\",\"potentialAction\":[{\"@type\":\"ReadAction\",\"target\":[\"https:\\\/\\\/www.hiskanen.fi\\\/WIP\\\/?page_id=113\"]}]},{\"@type\":\"ImageObject\",\"inLanguage\":\"en\",\"@id\":\"https:\\\/\\\/www.hiskanen.fi\\\/WIP\\\/?page_id=113#primaryimage\",\"url\":\"https:\\\/\\\/www.hiskanen.fi\\\/WIP\\\/wp-content\\\/uploads\\\/2025\\\/03\\\/ok-1.png\",\"contentUrl\":\"https:\\\/\\\/www.hiskanen.fi\\\/WIP\\\/wp-content\\\/uploads\\\/2025\\\/03\\\/ok-1.png\",\"width\":508,\"height\":586},{\"@type\":\"BreadcrumbList\",\"@id\":\"https:\\\/\\\/www.hiskanen.fi\\\/WIP\\\/?page_id=113#breadcrumb\",\"itemListElement\":[{\"@type\":\"ListItem\",\"position\":1,\"name\":\"Home\",\"item\":\"https:\\\/\\\/www.hiskanen.fi\\\/WIP\\\/\"},{\"@type\":\"ListItem\",\"position\":2,\"name\":\"etusivu\",\"item\":\"https:\\\/\\\/www.hiskanen.fi\\\/WIP\\\/\"},{\"@type\":\"ListItem\",\"position\":3,\"name\":\"palvelut\"}]},{\"@type\":\"WebSite\",\"@id\":\"https:\\\/\\\/www.hiskanen.fi\\\/WIP\\\/#website\",\"url\":\"https:\\\/\\\/www.hiskanen.fi\\\/WIP\\\/\",\"name\":\"Work In Progress\",\"description\":\"\",\"publisher\":{\"@id\":\"https:\\\/\\\/www.hiskanen.fi\\\/WIP\\\/#organization\"},\"potentialAction\":[{\"@type\":\"SearchAction\",\"target\":{\"@type\":\"EntryPoint\",\"urlTemplate\":\"https:\\\/\\\/www.hiskanen.fi\\\/WIP\\\/?s={search_term_string}\"},\"query-input\":{\"@type\":\"PropertyValueSpecification\",\"valueRequired\":true,\"valueName\":\"search_term_string\"}}],\"inLanguage\":\"en\"},{\"@type\":\"Organization\",\"@id\":\"https:\\\/\\\/www.hiskanen.fi\\\/WIP\\\/#organization\",\"name\":\"Work In Progress\",\"url\":\"https:\\\/\\\/www.hiskanen.fi\\\/WIP\\\/\",\"logo\":{\"@type\":\"ImageObject\",\"inLanguage\":\"en\",\"@id\":\"https:\\\/\\\/www.hiskanen.fi\\\/WIP\\\/#\\\/schema\\\/logo\\\/image\\\/\",\"url\":\"https:\\\/\\\/www.hiskanen.fi\\\/WIP\\\/wp-content\\\/uploads\\\/2025\\\/02\\\/Logo_vari_valko_oy-1.svg\",\"contentUrl\":\"https:\\\/\\\/www.hiskanen.fi\\\/WIP\\\/wp-content\\\/uploads\\\/2025\\\/02\\\/Logo_vari_valko_oy-1.svg\",\"width\":201,\"height\":56,\"caption\":\"Work In Progress\"},\"image\":{\"@id\":\"https:\\\/\\\/www.hiskanen.fi\\\/WIP\\\/#\\\/schema\\\/logo\\\/image\\\/\"}}]}<\/script>\n<!-- \/ Yoast SEO plugin. -->","yoast_head_json":{"title":"palvelut - Work In Progress","robots":{"index":"noindex","follow":"follow","max-snippet":"max-snippet:-1","max-image-preview":"max-image-preview:large","max-video-preview":"max-video-preview:-1"},"og_locale":"en_US","og_type":"article","og_title":"palvelut - Work In Progress","og_description":"Palvelut Kilpailuta vakuutukset fiksusti \u2013 ilman turhaa vaivaa. Veklarin avulla varmistat, ett\u00e4 vakuutusturvasi on sek\u00e4 kattava ett\u00e4 kustannustehokas. Me r\u00e4\u00e4t\u00e4l\u00f6imme kilpailutuksen yrityksesi todellisten tarpeiden mukaan ja haemme sinulle parhaat tarjoukset vakuutusyhti\u00f6ilt\u00e4. Miksi kilpailuttaa vakuutukset? Kilpailuttamalla vakuutukset voit varmistaa, ett\u00e4 yrityksesi saa parhaan mahdollisen suojan parhaaseen hintaan. Kilpailutusprosessimme: Riskien kartoitus ja tarpeiden arviointi: Prosessi alkaa liiketoimintasi [&hellip;]","og_url":"https:\/\/www.hiskanen.fi\/WIP\/?page_id=113","og_site_name":"Work In Progress","article_modified_time":"2025-06-30T08:29:24+00:00","og_image":[{"width":508,"height":586,"url":"https:\/\/www.hiskanen.fi\/WIP\/wp-content\/uploads\/2025\/03\/ok-1.png","type":"image\/png"}],"twitter_card":"summary_large_image","twitter_misc":{"Est. reading time":"3 minutes"},"schema":{"@context":"https:\/\/schema.org","@graph":[{"@type":"WebPage","@id":"https:\/\/www.hiskanen.fi\/WIP\/?page_id=113","url":"https:\/\/www.hiskanen.fi\/WIP\/?page_id=113","name":"palvelut - Work In Progress","isPartOf":{"@id":"https:\/\/www.hiskanen.fi\/WIP\/#website"},"primaryImageOfPage":{"@id":"https:\/\/www.hiskanen.fi\/WIP\/?page_id=113#primaryimage"},"image":{"@id":"https:\/\/www.hiskanen.fi\/WIP\/?page_id=113#primaryimage"},"thumbnailUrl":"https:\/\/www.hiskanen.fi\/WIP\/wp-content\/uploads\/2025\/03\/ok-1.png","datePublished":"2025-03-08T14:48:39+00:00","dateModified":"2025-06-30T08:29:24+00:00","breadcrumb":{"@id":"https:\/\/www.hiskanen.fi\/WIP\/?page_id=113#breadcrumb"},"inLanguage":"en","potentialAction":[{"@type":"ReadAction","target":["https:\/\/www.hiskanen.fi\/WIP\/?page_id=113"]}]},{"@type":"ImageObject","inLanguage":"en","@id":"https:\/\/www.hiskanen.fi\/WIP\/?page_id=113#primaryimage","url":"https:\/\/www.hiskanen.fi\/WIP\/wp-content\/uploads\/2025\/03\/ok-1.png","contentUrl":"https:\/\/www.hiskanen.fi\/WIP\/wp-content\/uploads\/2025\/03\/ok-1.png","width":508,"height":586},{"@type":"BreadcrumbList","@id":"https:\/\/www.hiskanen.fi\/WIP\/?page_id=113#breadcrumb","itemListElement":[{"@type":"ListItem","position":1,"name":"Home","item":"https:\/\/www.hiskanen.fi\/WIP\/"},{"@type":"ListItem","position":2,"name":"etusivu","item":"https:\/\/www.hiskanen.fi\/WIP\/"},{"@type":"ListItem","position":3,"name":"palvelut"}]},{"@type":"WebSite","@id":"https:\/\/www.hiskanen.fi\/WIP\/#website","url":"https:\/\/www.hiskanen.fi\/WIP\/","name":"Work In Progress","description":"","publisher":{"@id":"https:\/\/www.hiskanen.fi\/WIP\/#organization"},"potentialAction":[{"@type":"SearchAction","target":{"@type":"EntryPoint","urlTemplate":"https:\/\/www.hiskanen.fi\/WIP\/?s={search_term_string}"},"query-input":{"@type":"PropertyValueSpecification","valueRequired":true,"valueName":"search_term_string"}}],"inLanguage":"en"},{"@type":"Organization","@id":"https:\/\/www.hiskanen.fi\/WIP\/#organization","name":"Work In Progress","url":"https:\/\/www.hiskanen.fi\/WIP\/","logo":{"@type":"ImageObject","inLanguage":"en","@id":"https:\/\/www.hiskanen.fi\/WIP\/#\/schema\/logo\/image\/","url":"https:\/\/www.hiskanen.fi\/WIP\/wp-content\/uploads\/2025\/02\/Logo_vari_valko_oy-1.svg","contentUrl":"https:\/\/www.hiskanen.fi\/WIP\/wp-content\/uploads\/2025\/02\/Logo_vari_valko_oy-1.svg","width":201,"height":56,"caption":"Work In Progress"},"image":{"@id":"https:\/\/www.hiskanen.fi\/WIP\/#\/schema\/logo\/image\/"}}]}},"_links":{"self":[{"href":"https:\/\/www.hiskanen.fi\/WIP\/index.php?rest_route=\/wp\/v2\/pages\/113","targetHints":{"allow":["GET"]}}],"collection":[{"href":"https:\/\/www.hiskanen.fi\/WIP\/index.php?rest_route=\/wp\/v2\/pages"}],"about":[{"href":"https:\/\/www.hiskanen.fi\/WIP\/index.php?rest_route=\/wp\/v2\/types\/page"}],"author":[{"embeddable":true,"href":"https:\/\/www.hiskanen.fi\/WIP\/index.php?rest_route=\/wp\/v2\/users\/1"}],"replies":[{"embeddable":true,"href":"https:\/\/www.hiskanen.fi\/WIP\/index.php?rest_route=%2Fwp%2Fv2%2Fcomments&post=113"}],"version-history":[{"count":215,"href":"https:\/\/www.hiskanen.fi\/WIP\/index.php?rest_route=\/wp\/v2\/pages\/113\/revisions"}],"predecessor-version":[{"id":1167,"href":"https:\/\/www.hiskanen.fi\/WIP\/index.php?rest_route=\/wp\/v2\/pages\/113\/revisions\/1167"}],"up":[{"embeddable":true,"href":"https:\/\/www.hiskanen.fi\/WIP\/index.php?rest_route=\/wp\/v2\/pages\/32"}],"wp:attachment":[{"href":"https:\/\/www.hiskanen.fi\/WIP\/index.php?rest_route=%2Fwp%2Fv2%2Fmedia&parent=113"}],"curies":[{"name":"wp","href":"https:\/\/api.w.org\/{rel}","templated":true}]}}