{"id":161,"date":"2025-03-08T15:48:28","date_gmt":"2025-03-08T15:48:28","guid":{"rendered":"https:\/\/www.hiskanen.fi\/WIP\/?page_id=161"},"modified":"2025-06-29T22:51:29","modified_gmt":"2025-06-29T22:51:29","slug":"yhteydenotto","status":"publish","type":"page","link":"https:\/\/www.hiskanen.fi\/WIP\/?page_id=161","title":{"rendered":"yhteydenotto"},"content":{"rendered":"\t\t<div data-elementor-type=\"wp-page\" data-elementor-id=\"161\" class=\"elementor elementor-161\" data-elementor-post-type=\"page\">\n\t\t\t\t<div class=\"elementor-element elementor-element-a62d1eb e-con-full e-flex e-con e-parent\" data-id=\"a62d1eb\" data-element_type=\"container\" data-e-type=\"container\" data-settings=\"{&quot;background_background&quot;:&quot;classic&quot;}\">\n\t\t<div class=\"elementor-element elementor-element-1efefe6 e-con-full e-flex e-con e-child\" data-id=\"1efefe6\" data-element_type=\"container\" data-e-type=\"container\">\n\t\t\t\t<div class=\"elementor-element elementor-element-9e82024 elementor-widget elementor-widget-spacer\" data-id=\"9e82024\" data-element_type=\"widget\" data-e-type=\"widget\" data-widget_type=\"spacer.default\">\n\t\t\t\t<div class=\"elementor-widget-container\">\n\t\t\t\t\t\t\t<div class=\"elementor-spacer\">\n\t\t\t<div class=\"elementor-spacer-inner\"><\/div>\n\t\t<\/div>\n\t\t\t\t\t\t<\/div>\n\t\t\t\t<\/div>\n\t\t\t\t<div class=\"elementor-element elementor-element-2224194 elementor-widget elementor-widget-heading\" data-id=\"2224194\" data-element_type=\"widget\" data-e-type=\"widget\" data-widget_type=\"heading.default\">\n\t\t\t\t<div class=\"elementor-widget-container\">\n\t\t\t\t\t<h2 class=\"elementor-heading-title elementor-size-default\">Yhteydenotto<\/h2>\t\t\t\t<\/div>\n\t\t\t\t<\/div>\n\t\t\t\t<\/div>\n\t\t\t\t<\/div>\n\t\t<div class=\"elementor-element elementor-element-a8ad33a e-flex e-con-boxed e-con e-parent\" data-id=\"a8ad33a\" data-element_type=\"container\" data-e-type=\"container\" data-settings=\"{&quot;background_background&quot;:&quot;classic&quot;}\">\n\t\t\t\t\t<div class=\"e-con-inner\">\n\t\t\t\t<div class=\"elementor-element elementor-element-e355a92 elementor-widget elementor-widget-heading\" data-id=\"e355a92\" data-element_type=\"widget\" data-e-type=\"widget\" data-widget_type=\"heading.default\">\n\t\t\t\t<div class=\"elementor-widget-container\">\n\t\t\t\t\t<h2 class=\"elementor-heading-title elementor-size-default\">Ota rohkeasti yhteytt\u00e4, niin kerromme lis\u00e4\u00e4!<\/h2>\t\t\t\t<\/div>\n\t\t\t\t<\/div>\n\t\t\t\t\t<\/div>\n\t\t\t\t<\/div>\n\t\t<div class=\"elementor-element elementor-element-34da32c e-con-full e-flex e-con e-parent\" data-id=\"34da32c\" data-element_type=\"container\" data-e-type=\"container\" data-settings=\"{&quot;background_background&quot;:&quot;classic&quot;}\">\n\t\t<div class=\"elementor-element elementor-element-2b746c4 e-con-full e-flex e-con e-child\" data-id=\"2b746c4\" data-element_type=\"container\" data-e-type=\"container\">\n\t\t\t\t<div class=\"elementor-element elementor-element-b9d2e7e elementor-widget__width-initial elementor-widget elementor-widget-text-editor\" data-id=\"b9d2e7e\" data-element_type=\"widget\" data-e-type=\"widget\" data-widget_type=\"text-editor.default\">\n\t\t\t\t<div class=\"elementor-widget-container\">\n\t\t\t\t\t\t\t\t\t<p>Veklari OY<\/p><p>K\u00e4yntiosoite:<\/p><p>Karhuojantie 193,<br \/>90460 Oulunsalo<\/p><p>Postiosoite:<\/p><p>Veklari Oy<br \/>PL 17 90451 Kempele<\/p><p>Puh. 040 156 0611<br \/>info@veklari<br \/>Y-tunnus: 3246290-4<\/p>\t\t\t\t\t\t\t\t<\/div>\n\t\t\t\t<\/div>\n\t\t\t\t<div class=\"elementor-element elementor-element-b692e36 elementor-widget__width-initial elementor-widget elementor-widget-text-editor\" data-id=\"b692e36\" data-element_type=\"widget\" data-e-type=\"widget\" data-widget_type=\"text-editor.default\">\n\t\t\t\t<div class=\"elementor-widget-container\">\n\t\t\t\t\t\t\t\t\t<p><span style=\"color: var( --e-global-color-text ); text-align: var(--text-align); background-color: var( --e-global-color-primary );\">Parhaiten tavoitat meid\u00e4t s\u00e4hk\u00f6postitse tai l\u00e4hett\u00e4m\u00e4ll\u00e4 yhteydenottopyynn\u00f6n.<\/span><\/p>\t\t\t\t\t\t\t\t<\/div>\n\t\t\t\t<\/div>\n\t\t\t\t<\/div>\n\t\t<div class=\"elementor-element elementor-element-671c044 e-flex e-con-boxed e-con e-child\" data-id=\"671c044\" data-element_type=\"container\" data-e-type=\"container\">\n\t\t\t\t\t<div class=\"e-con-inner\">\n\t\t\t\t<div class=\"elementor-element elementor-element-02561a1 elementor-widget__width-initial elementor-button-align-stretch elementor-widget elementor-widget-form\" data-id=\"02561a1\" data-element_type=\"widget\" data-e-type=\"widget\" data-settings=\"{&quot;step_next_label&quot;:&quot;Next&quot;,&quot;step_previous_label&quot;:&quot;Previous&quot;,&quot;button_width&quot;:&quot;100&quot;,&quot;step_type&quot;:&quot;number_text&quot;,&quot;step_icon_shape&quot;:&quot;circle&quot;}\" data-widget_type=\"form.default\">\n\t\t\t\t<div class=\"elementor-widget-container\">\n\t\t\t\t\t\t\t<form class=\"elementor-form\" method=\"post\" name=\"vekalri-yhteydenotto\" aria-label=\"vekalri-yhteydenotto\">\n\t\t\t<input type=\"hidden\" name=\"post_id\" value=\"161\"\/>\n\t\t\t<input type=\"hidden\" name=\"form_id\" value=\"02561a1\"\/>\n\t\t\t<input type=\"hidden\" name=\"referer_title\" value=\"yhteydenotto - Work In Progress\" \/>\n\n\t\t\t\t\t\t\t<input type=\"hidden\" name=\"queried_id\" value=\"161\"\/>\n\t\t\t\n\t\t\t<div class=\"elementor-form-fields-wrapper elementor-labels-above\">\n\t\t\t\t\t\t\t\t<div class=\"elementor-field-type-text elementor-field-group elementor-column elementor-field-group-name elementor-col-75 elementor-field-required elementor-mark-required\">\n\t\t\t\t\t\t\t\t\t\t\t\t<label for=\"form-field-name\" class=\"elementor-field-label\">\n\t\t\t\t\t\t\t\tNimi\t\t\t\t\t\t\t<\/label>\n\t\t\t\t\t\t\t\t\t\t\t\t\t\t<input size=\"1\" type=\"text\" name=\"form_fields[name]\" id=\"form-field-name\" class=\"elementor-field elementor-size-md  elementor-field-textual\" placeholder=\"Nimi\" required=\"required\">\n\t\t\t\t\t\t\t\t\t\t\t<\/div>\n\t\t\t\t\t\t\t\t<div class=\"elementor-field-type-email elementor-field-group elementor-column elementor-field-group-email elementor-col-75 elementor-field-required elementor-mark-required\">\n\t\t\t\t\t\t\t\t\t\t\t\t<label for=\"form-field-email\" class=\"elementor-field-label\">\n\t\t\t\t\t\t\t\tS\u00e4hk\u00f6posti\t\t\t\t\t\t\t<\/label>\n\t\t\t\t\t\t\t\t\t\t\t\t\t\t<input size=\"1\" type=\"email\" name=\"form_fields[email]\" id=\"form-field-email\" class=\"elementor-field elementor-size-md  elementor-field-textual\" placeholder=\"Email\" required=\"required\">\n\t\t\t\t\t\t\t\t\t\t\t<\/div>\n\t\t\t\t\t\t\t\t<div class=\"elementor-field-type-text elementor-field-group elementor-column elementor-field-group-field_bd5c140 elementor-col-75 elementor-field-required elementor-mark-required\">\n\t\t\t\t\t\t\t\t\t\t\t\t<label for=\"form-field-field_bd5c140\" class=\"elementor-field-label\">\n\t\t\t\t\t\t\t\tAihe\t\t\t\t\t\t\t<\/label>\n\t\t\t\t\t\t\t\t\t\t\t\t\t\t<input size=\"1\" type=\"text\" name=\"form_fields[field_bd5c140]\" id=\"form-field-field_bd5c140\" class=\"elementor-field elementor-size-md  elementor-field-textual\" placeholder=\"Otsikko\" required=\"required\">\n\t\t\t\t\t\t\t\t\t\t\t<\/div>\n\t\t\t\t\t\t\t\t<div class=\"elementor-field-type-textarea elementor-field-group elementor-column elementor-field-group-message elementor-col-100 elementor-field-required elementor-mark-required\">\n\t\t\t\t\t\t\t\t\t\t\t\t<label for=\"form-field-message\" class=\"elementor-field-label\">\n\t\t\t\t\t\t\t\tViesti\t\t\t\t\t\t\t<\/label>\n\t\t\t\t\t\t<textarea class=\"elementor-field-textual elementor-field  elementor-size-md\" name=\"form_fields[message]\" id=\"form-field-message\" rows=\"4\" placeholder=\"Viesti\" required=\"required\"><\/textarea>\t\t\t\t<\/div>\n\t\t\t\t\t\t\t\t<div class=\"elementor-field-group elementor-column elementor-field-type-submit elementor-col-100 e-form__buttons\">\n\t\t\t\t\t<button class=\"elementor-button elementor-size-md elementor-animation-float\" type=\"submit\">\n\t\t\t\t\t\t<span class=\"elementor-button-content-wrapper\">\n\t\t\t\t\t\t\t\t\t\t\t\t\t\t\t\t\t\t\t\t\t\t<span class=\"elementor-button-text\">L\u00c4HET\u00c4<\/span>\n\t\t\t\t\t\t\t\t\t\t\t\t\t<\/span>\n\t\t\t\t\t<\/button>\n\t\t\t\t<\/div>\n\t\t\t<\/div>\n\t\t<\/form>\n\t\t\t\t\t\t<\/div>\n\t\t\t\t<\/div>\n\t\t\t\t\t<\/div>\n\t\t\t\t<\/div>\n\t\t\t\t<\/div>\n\t\t\t\t<\/div>\n\t\t","protected":false},"excerpt":{"rendered":"<p>Yhteydenotto Ota rohkeasti yhteytt\u00e4, niin kerromme lis\u00e4\u00e4! Veklari OY K\u00e4yntiosoite: Karhuojantie 193,90460 Oulunsalo Postiosoite: Veklari OyPL 17 90451 Kempele Puh. 040 156 0611info@veklariY-tunnus: 3246290-4 Parhaiten tavoitat meid\u00e4t s\u00e4hk\u00f6postitse tai l\u00e4hett\u00e4m\u00e4ll\u00e4 yhteydenottopyynn\u00f6n.<\/p>\n","protected":false},"author":1,"featured_media":0,"parent":32,"menu_order":3,"comment_status":"closed","ping_status":"closed","template":"","meta":{"footnotes":""},"class_list":["post-161","page","type-page","status-publish","hentry"],"yoast_head":"<!-- This site is optimized with the Yoast SEO plugin v27.4 - https:\/\/yoast.com\/product\/yoast-seo-wordpress\/ -->\n<title>yhteydenotto - Work In Progress<\/title>\n<meta name=\"robots\" content=\"noindex, follow, max-snippet:-1, max-image-preview:large, max-video-preview:-1\" \/>\n<meta property=\"og:locale\" content=\"en_US\" \/>\n<meta property=\"og:type\" content=\"article\" \/>\n<meta property=\"og:title\" content=\"yhteydenotto - Work In Progress\" \/>\n<meta property=\"og:description\" content=\"Yhteydenotto Ota rohkeasti yhteytt\u00e4, niin kerromme lis\u00e4\u00e4! Veklari OY K\u00e4yntiosoite: Karhuojantie 193,90460 Oulunsalo Postiosoite: Veklari OyPL 17 90451 Kempele Puh. 040 156 0611info@veklariY-tunnus: 3246290-4 Parhaiten tavoitat meid\u00e4t s\u00e4hk\u00f6postitse tai l\u00e4hett\u00e4m\u00e4ll\u00e4 yhteydenottopyynn\u00f6n.\" \/>\n<meta property=\"og:url\" content=\"https:\/\/www.hiskanen.fi\/WIP\/?page_id=161\" \/>\n<meta property=\"og:site_name\" content=\"Work In Progress\" \/>\n<meta property=\"article:modified_time\" content=\"2025-06-29T22:51:29+00:00\" \/>\n<meta name=\"twitter:card\" content=\"summary_large_image\" \/>\n<meta name=\"twitter:label1\" content=\"Est. reading time\" \/>\n\t<meta name=\"twitter:data1\" content=\"1 minute\" \/>\n<script type=\"application\/ld+json\" class=\"yoast-schema-graph\">{\"@context\":\"https:\\\/\\\/schema.org\",\"@graph\":[{\"@type\":\"WebPage\",\"@id\":\"https:\\\/\\\/www.hiskanen.fi\\\/WIP\\\/?page_id=161\",\"url\":\"https:\\\/\\\/www.hiskanen.fi\\\/WIP\\\/?page_id=161\",\"name\":\"yhteydenotto - Work In Progress\",\"isPartOf\":{\"@id\":\"https:\\\/\\\/www.hiskanen.fi\\\/WIP\\\/#website\"},\"datePublished\":\"2025-03-08T15:48:28+00:00\",\"dateModified\":\"2025-06-29T22:51:29+00:00\",\"breadcrumb\":{\"@id\":\"https:\\\/\\\/www.hiskanen.fi\\\/WIP\\\/?page_id=161#breadcrumb\"},\"inLanguage\":\"en\",\"potentialAction\":[{\"@type\":\"ReadAction\",\"target\":[\"https:\\\/\\\/www.hiskanen.fi\\\/WIP\\\/?page_id=161\"]}]},{\"@type\":\"BreadcrumbList\",\"@id\":\"https:\\\/\\\/www.hiskanen.fi\\\/WIP\\\/?page_id=161#breadcrumb\",\"itemListElement\":[{\"@type\":\"ListItem\",\"position\":1,\"name\":\"Home\",\"item\":\"https:\\\/\\\/www.hiskanen.fi\\\/WIP\\\/\"},{\"@type\":\"ListItem\",\"position\":2,\"name\":\"etusivu\",\"item\":\"https:\\\/\\\/www.hiskanen.fi\\\/WIP\\\/\"},{\"@type\":\"ListItem\",\"position\":3,\"name\":\"yhteydenotto\"}]},{\"@type\":\"WebSite\",\"@id\":\"https:\\\/\\\/www.hiskanen.fi\\\/WIP\\\/#website\",\"url\":\"https:\\\/\\\/www.hiskanen.fi\\\/WIP\\\/\",\"name\":\"Work In Progress\",\"description\":\"\",\"publisher\":{\"@id\":\"https:\\\/\\\/www.hiskanen.fi\\\/WIP\\\/#organization\"},\"potentialAction\":[{\"@type\":\"SearchAction\",\"target\":{\"@type\":\"EntryPoint\",\"urlTemplate\":\"https:\\\/\\\/www.hiskanen.fi\\\/WIP\\\/?s={search_term_string}\"},\"query-input\":{\"@type\":\"PropertyValueSpecification\",\"valueRequired\":true,\"valueName\":\"search_term_string\"}}],\"inLanguage\":\"en\"},{\"@type\":\"Organization\",\"@id\":\"https:\\\/\\\/www.hiskanen.fi\\\/WIP\\\/#organization\",\"name\":\"Work In Progress\",\"url\":\"https:\\\/\\\/www.hiskanen.fi\\\/WIP\\\/\",\"logo\":{\"@type\":\"ImageObject\",\"inLanguage\":\"en\",\"@id\":\"https:\\\/\\\/www.hiskanen.fi\\\/WIP\\\/#\\\/schema\\\/logo\\\/image\\\/\",\"url\":\"https:\\\/\\\/www.hiskanen.fi\\\/WIP\\\/wp-content\\\/uploads\\\/2025\\\/02\\\/Logo_vari_valko_oy-1.svg\",\"contentUrl\":\"https:\\\/\\\/www.hiskanen.fi\\\/WIP\\\/wp-content\\\/uploads\\\/2025\\\/02\\\/Logo_vari_valko_oy-1.svg\",\"width\":201,\"height\":56,\"caption\":\"Work In Progress\"},\"image\":{\"@id\":\"https:\\\/\\\/www.hiskanen.fi\\\/WIP\\\/#\\\/schema\\\/logo\\\/image\\\/\"}}]}<\/script>\n<!-- \/ Yoast SEO plugin. -->","yoast_head_json":{"title":"yhteydenotto - Work In Progress","robots":{"index":"noindex","follow":"follow","max-snippet":"max-snippet:-1","max-image-preview":"max-image-preview:large","max-video-preview":"max-video-preview:-1"},"og_locale":"en_US","og_type":"article","og_title":"yhteydenotto - Work In Progress","og_description":"Yhteydenotto Ota rohkeasti yhteytt\u00e4, niin kerromme lis\u00e4\u00e4! Veklari OY K\u00e4yntiosoite: Karhuojantie 193,90460 Oulunsalo Postiosoite: Veklari OyPL 17 90451 Kempele Puh. 040 156 0611info@veklariY-tunnus: 3246290-4 Parhaiten tavoitat meid\u00e4t s\u00e4hk\u00f6postitse tai l\u00e4hett\u00e4m\u00e4ll\u00e4 yhteydenottopyynn\u00f6n.","og_url":"https:\/\/www.hiskanen.fi\/WIP\/?page_id=161","og_site_name":"Work In Progress","article_modified_time":"2025-06-29T22:51:29+00:00","twitter_card":"summary_large_image","twitter_misc":{"Est. reading time":"1 minute"},"schema":{"@context":"https:\/\/schema.org","@graph":[{"@type":"WebPage","@id":"https:\/\/www.hiskanen.fi\/WIP\/?page_id=161","url":"https:\/\/www.hiskanen.fi\/WIP\/?page_id=161","name":"yhteydenotto - Work In Progress","isPartOf":{"@id":"https:\/\/www.hiskanen.fi\/WIP\/#website"},"datePublished":"2025-03-08T15:48:28+00:00","dateModified":"2025-06-29T22:51:29+00:00","breadcrumb":{"@id":"https:\/\/www.hiskanen.fi\/WIP\/?page_id=161#breadcrumb"},"inLanguage":"en","potentialAction":[{"@type":"ReadAction","target":["https:\/\/www.hiskanen.fi\/WIP\/?page_id=161"]}]},{"@type":"BreadcrumbList","@id":"https:\/\/www.hiskanen.fi\/WIP\/?page_id=161#breadcrumb","itemListElement":[{"@type":"ListItem","position":1,"name":"Home","item":"https:\/\/www.hiskanen.fi\/WIP\/"},{"@type":"ListItem","position":2,"name":"etusivu","item":"https:\/\/www.hiskanen.fi\/WIP\/"},{"@type":"ListItem","position":3,"name":"yhteydenotto"}]},{"@type":"WebSite","@id":"https:\/\/www.hiskanen.fi\/WIP\/#website","url":"https:\/\/www.hiskanen.fi\/WIP\/","name":"Work In Progress","description":"","publisher":{"@id":"https:\/\/www.hiskanen.fi\/WIP\/#organization"},"potentialAction":[{"@type":"SearchAction","target":{"@type":"EntryPoint","urlTemplate":"https:\/\/www.hiskanen.fi\/WIP\/?s={search_term_string}"},"query-input":{"@type":"PropertyValueSpecification","valueRequired":true,"valueName":"search_term_string"}}],"inLanguage":"en"},{"@type":"Organization","@id":"https:\/\/www.hiskanen.fi\/WIP\/#organization","name":"Work In Progress","url":"https:\/\/www.hiskanen.fi\/WIP\/","logo":{"@type":"ImageObject","inLanguage":"en","@id":"https:\/\/www.hiskanen.fi\/WIP\/#\/schema\/logo\/image\/","url":"https:\/\/www.hiskanen.fi\/WIP\/wp-content\/uploads\/2025\/02\/Logo_vari_valko_oy-1.svg","contentUrl":"https:\/\/www.hiskanen.fi\/WIP\/wp-content\/uploads\/2025\/02\/Logo_vari_valko_oy-1.svg","width":201,"height":56,"caption":"Work In Progress"},"image":{"@id":"https:\/\/www.hiskanen.fi\/WIP\/#\/schema\/logo\/image\/"}}]}},"_links":{"self":[{"href":"https:\/\/www.hiskanen.fi\/WIP\/index.php?rest_route=\/wp\/v2\/pages\/161","targetHints":{"allow":["GET"]}}],"collection":[{"href":"https:\/\/www.hiskanen.fi\/WIP\/index.php?rest_route=\/wp\/v2\/pages"}],"about":[{"href":"https:\/\/www.hiskanen.fi\/WIP\/index.php?rest_route=\/wp\/v2\/types\/page"}],"author":[{"embeddable":true,"href":"https:\/\/www.hiskanen.fi\/WIP\/index.php?rest_route=\/wp\/v2\/users\/1"}],"replies":[{"embeddable":true,"href":"https:\/\/www.hiskanen.fi\/WIP\/index.php?rest_route=%2Fwp%2Fv2%2Fcomments&post=161"}],"version-history":[{"count":58,"href":"https:\/\/www.hiskanen.fi\/WIP\/index.php?rest_route=\/wp\/v2\/pages\/161\/revisions"}],"predecessor-version":[{"id":1136,"href":"https:\/\/www.hiskanen.fi\/WIP\/index.php?rest_route=\/wp\/v2\/pages\/161\/revisions\/1136"}],"up":[{"embeddable":true,"href":"https:\/\/www.hiskanen.fi\/WIP\/index.php?rest_route=\/wp\/v2\/pages\/32"}],"wp:attachment":[{"href":"https:\/\/www.hiskanen.fi\/WIP\/index.php?rest_route=%2Fwp%2Fv2%2Fmedia&parent=161"}],"curies":[{"name":"wp","href":"https:\/\/api.w.org\/{rel}","templated":true}]}}